{"id":1326,"date":"2024-07-29T12:06:09","date_gmt":"2024-07-29T11:06:09","guid":{"rendered":"http:\/\/ninzio.com\/logistix\/?page_id=1326"},"modified":"2024-09-07T11:13:48","modified_gmt":"2024-09-07T10:13:48","slug":"services-2","status":"publish","type":"page","link":"https:\/\/brain-international.com\/fr\/services-2\/","title":{"rendered":"Services"},"content":{"rendered":"<div class=\"wpb-content-wrapper\"><div class=\"vc-custom-col-spacing clearfix vc-col-spacing-60\"><section class=\"wpb_row vc_row-fluid row-content-position-Default\"><div class=\"logistix-container\"><div class=\"row-inner clearfix\"><div class=\"wpb_column vc_column_container vc_col-sm-12\"><div class=\"vc_column-inner\"><div class=\"wpb_wrapper\">\r\n\t<div class=\"logistix-spacer clearfix\" data-desktop=\"100\" data-mobi=\"50\" data-smobi=\"50\"><\/div><div class=\"vc-custom-col-inner-spacing clearfix vc-col-inner-spacing-0px\"><div class=\"wpb_row vc_inner vc_row-fluid\"><div class=\"wpb_column vc_column_container vc_col-sm-6 vc_col-has-fill\"><div class=\"vc_column-inner vc_custom_1724174421713\"><div class=\"wpb_wrapper\">\r\n\t<div class=\"logistix-spacer clearfix\" data-desktop=\"500\" data-mobi=\"300\" data-smobi=\"200\"><\/div><\/div><\/div><\/div><div class=\"wpb_column vc_column_container vc_col-sm-6\"><div class=\"vc_column-inner vc_custom_1724174085405\"><div class=\"wpb_wrapper\"><div class=\"logistix-single-heading clearfix  style-1\" style=\"\">\r\n\t\t<h2 class=\"heading\" style=\"margin-bottom: 0;\">REPRESENTATION DES PARTENAIRES ETRANGERS<\/h2>\r\n\t<\/div>\r\n\t<div class=\"logistix-spacer clearfix\" data-desktop=\"20\" data-mobi=\"10\" data-smobi=\"10\"><\/div>\n\t<div class=\"wpb_text_column wpb_content_element\" >\n\t\t<div class=\"wpb_wrapper\">\n\t\t\t<p>Gr\u00e2ce aux diverses relations strat\u00e9giques que nous avons pu nouer sur le continent et ailleurs dans le monde Brain international SAS se positionne de plus en plus dans le secteur strat\u00e9gique du financement et la r\u00e9alisation des projets publics en Afrique, dans le respect de l'identit\u00e9 de chaque \u00c9tat de la souverainet\u00e9\u00a0de\u00a0nos\u00a0pays.<\/p>\n\n\t\t<\/div>\n\t<\/div>\n<\/div><\/div><\/div><\/div><\/div><\/div><\/div><\/div><\/div><\/div><\/section><\/div><div class=\"vc-custom-col-spacing clearfix vc-col-spacing-60\"><section class=\"wpb_row vc_row-fluid row-content-position-Default\"><div class=\"logistix-container\"><div class=\"row-inner clearfix\"><div class=\"wpb_column vc_column_container vc_col-sm-12\"><div class=\"vc_column-inner\"><div class=\"wpb_wrapper\"><div class=\"vc-custom-col-inner-spacing clearfix vc-col-inner-spacing-0px\"><div class=\"wpb_row vc_inner vc_row-fluid\"><div class=\"wpb_column vc_column_container vc_col-sm-6\"><div class=\"vc_column-inner vc_custom_1724174109019\"><div class=\"wpb_wrapper\"><div class=\"logistix-single-heading clearfix  style-1\" style=\"\">\r\n\t\t<h2 class=\"heading\" style=\"margin-bottom: 0;\">TRADE DES COMMODITES<\/h2>\r\n\t<\/div>\n\t<div class=\"wpb_text_column wpb_content_element\" >\n\t\t<div class=\"wpb_wrapper\">\n\t\t\t<h5><span style=\"color: #333333;\">Nous vous proposons une large gamme de fournitures<\/span><\/h5>\n<ul>\n<li>Mat\u00e9riel de construction et autres fournitures industriels,<\/li>\n<li>Mat\u00e9riels hydrauliques (pompes, v\u00e9rins et distributeurs, flexibles, raccords)<\/li>\n<li>Tuyauterie industrielle et raccords ;<\/li>\n<li>Pi\u00e8ces de rechange des engins lourds ;<\/li>\n<li>Equipements de protection individuelle sp\u00e9cifiques ;<\/li>\n<li>Equipements de protection collective tels que les lignes de vie<\/li>\n<\/ul>\n\n\t\t<\/div>\n\t<\/div>\n<\/div><\/div><\/div><div class=\"wpb_column vc_column_container vc_col-sm-6 vc_col-has-fill\"><div class=\"vc_column-inner vc_custom_1724174411319\"><div class=\"wpb_wrapper\">\r\n\t<div class=\"logistix-spacer clearfix\" data-desktop=\"500\" data-mobi=\"300\" data-smobi=\"200\"><\/div><\/div><\/div><\/div><\/div><\/div><\/div><\/div><\/div><\/div><\/div><\/section><\/div><div class=\"vc-custom-col-spacing clearfix vc-col-spacing-60\"><section class=\"wpb_row vc_row-fluid row-content-position-Default\"><div class=\"logistix-container\"><div class=\"row-inner clearfix\"><div class=\"wpb_column vc_column_container vc_col-sm-12\"><div class=\"vc_column-inner\"><div class=\"wpb_wrapper\"><div class=\"vc-custom-col-inner-spacing clearfix vc-col-inner-spacing-0px\"><div class=\"wpb_row vc_inner vc_row-fluid\"><div class=\"wpb_column vc_column_container vc_col-sm-6 vc_col-has-fill\"><div class=\"vc_column-inner vc_custom_1724174445461\"><div class=\"wpb_wrapper\">\r\n\t<div class=\"logistix-spacer clearfix\" data-desktop=\"500\" data-mobi=\"300\" data-smobi=\"200\"><\/div><\/div><\/div><\/div><div class=\"wpb_column vc_column_container vc_col-sm-6\"><div class=\"vc_column-inner vc_custom_1724174126308\"><div class=\"wpb_wrapper\"><div class=\"logistix-single-heading clearfix  style-1\" style=\"\">\r\n\t\t<h2 class=\"heading\" style=\"margin-bottom: 0;\">LOGISTIC<\/h2>\r\n\t<\/div>\n\t<div class=\"wpb_text_column wpb_content_element\" >\n\t\t<div class=\"wpb_wrapper\">\n\t\t\t<p><strong>Brain International<\/strong>, votre partenaire de confiance dans le domaine du transport et de la logistique en Afrique Centrale. Forts de notre expertise et de notre r\u00e9seau \u00e9tendu, nous offrons des solutions innovantes et sur mesure pour r\u00e9pondre aux besoins complexes de la sous-r\u00e9gion :\u00a0<br \/>\n<strong>Couverture \u00e9tendue<\/strong>: Une pr\u00e9sence strat\u00e9gique dans toute l'Afrique Centrale, garantissant des solutions efficaces pour vos besoins de transport.<br \/>\n<strong>Solutions personnalis\u00e9es<\/strong>: Des services adapt\u00e9s \u00e0 chaque client, qu'il s'agisse de fret terrestre, maritime ou a\u00e9rien.<br \/>\n<strong>Technologie de pointe<\/strong>: Des outils modernes pour le suivi en temps r\u00e9el et la gestion optimis\u00e9e de vos op\u00e9rations logistiques.<br \/>\n<strong>Engagement envers la qualit\u00e9<\/strong>: Un personnel qualifi\u00e9 et des processus rigoureux assurant une fiabilit\u00e9 et une s\u00e9curit\u00e9 maximales.<\/p>\n\n\t\t<\/div>\n\t<\/div>\n<\/div><\/div><\/div><\/div><\/div><\/div><\/div><\/div><\/div><\/div><\/section><\/div><div class=\"vc-custom-col-spacing clearfix vc-col-spacing-60\"><section class=\"wpb_row vc_row-fluid row-content-position-Default\"><div class=\"logistix-container\"><div class=\"row-inner clearfix\"><div class=\"wpb_column vc_column_container vc_col-sm-12\"><div class=\"vc_column-inner\"><div class=\"wpb_wrapper\"><div class=\"vc-custom-col-inner-spacing clearfix vc-col-inner-spacing-0px\"><div class=\"wpb_row vc_inner vc_row-fluid\"><div class=\"wpb_column vc_column_container vc_col-sm-6\"><div class=\"vc_column-inner vc_custom_1724174142555\"><div class=\"wpb_wrapper\"><div class=\"logistix-single-heading clearfix  style-1\" style=\"\">\r\n\t\t<h2 class=\"heading\" style=\"margin-bottom: 0;\">ING\u00c9NIERIE<\/h2>\r\n\t<\/div>\n\t<div class=\"wpb_text_column wpb_content_element\" >\n\t\t<div class=\"wpb_wrapper\">\n\t\t\t<h5>Nous vous offrons des services de g\u00e9nie civil et de construction m\u00e9tallique.<\/h5>\n<p><strong>Construction M\u00e9tallique<\/strong><\/p>\n<ul>\n<li>Etudes<\/li>\n<li>Fabrication et montage Charpente m\u00e9tallique et mezzanine ;<\/li>\n<li>Auvents de Station-Service ;<\/li>\n<li>Tuyauterie industrielle (Calorifugeage, r\u00e9seaux de production, r\u00e9seau\nincendie, plomberie, installations des sanitaires\u2026) ;<\/li>\n<li>sanitary installations, etc.);<\/li>\n<li>Bacs, silos, cuves et citernes ;<\/li>\n<li>Am\u00e9nagement des conteneurs<\/li>\n<\/ul>\n<p><strong>G\u00e9nie Civil<\/strong><\/p>\n<ul>\n<li>Etudes<\/li>\n<li>Massifs de fondations;<\/li>\n<li>Dallage industriels;<\/li>\n<li>Ouvrages d\u2019art (Buses, Dalots, Caniveaux, Ponts);<\/li>\n<li>Gros \u0153uvre et Second \u0153uvre b\u00e2timent;<\/li>\n<li>R\u00e9habilitations et Am\u00e9nagements divers en b\u00e2timent.<\/li>\n<\/ul>\n\n\t\t<\/div>\n\t<\/div>\n<\/div><\/div><\/div><div class=\"wpb_column vc_column_container vc_col-sm-6 vc_col-has-fill\"><div class=\"vc_column-inner vc_custom_1724174470250\"><div class=\"wpb_wrapper\">\r\n\t<div class=\"logistix-spacer clearfix\" data-desktop=\"500\" data-mobi=\"300\" data-smobi=\"200\"><\/div><\/div><\/div><\/div><\/div><\/div><\/div><\/div><\/div><\/div><\/div><\/section><\/div><div class=\"vc-custom-col-spacing clearfix vc-col-spacing-60\"><section class=\"wpb_row vc_row-fluid row-content-position-Default\"><div class=\"logistix-container\"><div class=\"row-inner clearfix\"><div class=\"wpb_column vc_column_container vc_col-sm-12\"><div class=\"vc_column-inner\"><div class=\"wpb_wrapper\">\r\n\t<div class=\"logistix-spacer clearfix\" data-desktop=\"100\" data-mobi=\"50\" data-smobi=\"50\"><\/div><\/div><\/div><\/div><\/div><\/div><\/section><\/div><div class=\"vc-custom-col-spacing clearfix vc-col-spacing-60\"><section class=\"wpb_row vc_row-fluid row-content-position-Default\"><div class=\"logistix-container\"><div class=\"row-inner clearfix\"><div class=\"wpb_column vc_column_container vc_col-sm-12\"><div class=\"vc_column-inner\"><div class=\"wpb_wrapper\"><div class=\"logistix-single-heading clearfix  style-1\" style=\"\">\r\n\t\t<h2 class=\"heading\" style=\"margin-bottom: 0;\"><\/p>\n<p style=\"text-align: center;\">Partners<\/p>\n<p><\/h2>\r\n\t<\/div><div class=\"logistix-divider has-icon\" style=\"margin-bottom:18px;\">\r\n\t\t\t<div class=\"divider-icon\">\r\n\t\t\t\t<span class=\"divider-icon-before divider-center divider-solid\" style=\"border-bottom-width:50px;\"><\/span>\r\n\t\t\t\t<span class=\"icon-wrap\" style=\"\"><span class=\"fas fa-handshake\" style=\"font-size:30px;color:#1e73be;\"><\/span><\/span>\r\n\t\t\t\t<span class=\"divider-icon-after divider-center divider-solid\" style=\"border-bottom-width:50px;\"><\/span>\r\n\t\t\t<\/div>\r\n\t\t<\/div><div class=\"clearfix\"><\/div><\/div><\/div><\/div><\/div><\/div><\/section><\/div><div class=\"vc-custom-col-spacing clearfix vc-col-spacing-30\"><section class=\"wpb_row vc_row-fluid vc_custom_1528101501503 vc_row-has-fill row-content-position-Default\"><div class=\"logistix-container\"><div class=\"row-inner clearfix\"><div class=\"wpb_column vc_column_container vc_col-sm-12\"><div class=\"vc_column-inner\"><div class=\"wpb_wrapper\">\r\n\t<div class=\"logistix-spacer clearfix\" data-desktop=\"80\" data-mobi=\"50\" data-smobi=\"50\"><\/div>\r\n<div class=\"logistix-partner style-3 arrow-dark arrow-center bullet-square offset25 offset-v0 has-arrows\" data-auto=\"true\" data-loop=\"true\" data-column=\"4\" data-column2=\"3\" data-column3=\"1\" data-gap=\"12\">\r\n\t\r\n\t<div class=\"owl-carousel owl-theme\">\r\n\t            \t<div class=\"partner-item clearfix\" style=\"padding:40px 0px 40px 0px;background-color:#ffffff;\">\r\n        \t\t<div class=\"inner\">\r\n\t\t            \t\t            \t<a target=\"_blank\" href=\"https:\/\/ninzio.com\/logistix\/services\/\">\r\n\t    \t\t\t\t<div class=\"thumb\">\r\n\t\t    \t\t\t\t<img decoding=\"async\" width=\"153\" height=\"72\" src=\"https:\/\/brain-international.com\/cemoonsu\/2024\/09\/partner-teknik-e1725708587990.png\" class=\"attachment-full size-full wp-post-image\" alt=\"\" srcset=\"https:\/\/brain-international.com\/cemoonsu\/2024\/09\/partner-teknik-e1725708587990.png 153w, https:\/\/brain-international.com\/cemoonsu\/2024\/09\/partner-teknik-e1725708587990-150x72.png 150w, https:\/\/brain-international.com\/cemoonsu\/2024\/09\/partner-teknik-e1725708587990-18x8.png 18w\" sizes=\"(max-width: 153px) 100vw, 153px\" \/>\t    \t\t\t\t<\/div>\r\n\t    \t\t\t\t<\/a>\r\n\t         \t\t        \t\t<\/div>\r\n            <\/div>\r\n\t\t        \t<div class=\"partner-item clearfix\" style=\"padding:40px 0px 40px 0px;background-color:#ffffff;\">\r\n        \t\t<div class=\"inner\">\r\n\t\t            \t\t            \t<a target=\"_blank\" href=\"https:\/\/ninzio.com\/logistix\/about-us\/\">\r\n\t    \t\t\t\t<div class=\"thumb\">\r\n\t\t    \t\t\t\t<img decoding=\"async\" width=\"179\" height=\"72\" src=\"https:\/\/brain-international.com\/cemoonsu\/2024\/09\/sistemecs.png\" class=\"attachment-full size-full wp-post-image\" alt=\"\" srcset=\"https:\/\/brain-international.com\/cemoonsu\/2024\/09\/sistemecs.png 179w, https:\/\/brain-international.com\/cemoonsu\/2024\/09\/sistemecs-18x7.png 18w\" sizes=\"(max-width: 179px) 100vw, 179px\" \/>\t    \t\t\t\t<\/div>\r\n\t    \t\t\t\t<\/a>\r\n\t         \t\t        \t\t<\/div>\r\n            <\/div>\r\n\t\t        \t<div class=\"partner-item clearfix\" style=\"padding:40px 0px 40px 0px;background-color:#ffffff;\">\r\n        \t\t<div class=\"inner\">\r\n\t\t            \t\t            \t<a target=\"_blank\" href=\"https:\/\/ninzio.com\/logistix\/services\/\">\r\n\t    \t\t\t\t<div class=\"thumb\">\r\n\t\t    \t\t\t\t<img decoding=\"async\" width=\"176\" height=\"62\" src=\"https:\/\/brain-international.com\/cemoonsu\/2024\/09\/agora-shipping-logistic-e1725708548302.png\" class=\"attachment-full size-full wp-post-image\" alt=\"\" srcset=\"https:\/\/brain-international.com\/cemoonsu\/2024\/09\/agora-shipping-logistic-e1725708548302.png 176w, https:\/\/brain-international.com\/cemoonsu\/2024\/09\/agora-shipping-logistic-e1725708548302-18x6.png 18w\" sizes=\"(max-width: 176px) 100vw, 176px\" \/>\t    \t\t\t\t<\/div>\r\n\t    \t\t\t\t<\/a>\r\n\t         \t\t        \t\t<\/div>\r\n            <\/div>\r\n\t\t        \t<div class=\"partner-item clearfix\" style=\"padding:40px 0px 40px 0px;background-color:#ffffff;\">\r\n        \t\t<div class=\"inner\">\r\n\t\t            \t\t            \t<a target=\"_blank\" href=\"https:\/\/ninzio.com\/logistix\/about-us\/\">\r\n\t    \t\t\t\t<div class=\"thumb\">\r\n\t\t    \t\t\t\t<img loading=\"lazy\" decoding=\"async\" width=\"189\" height=\"85\" src=\"https:\/\/brain-international.com\/cemoonsu\/2024\/09\/morrison-finance-e1725708491975.png\" class=\"attachment-full size-full wp-post-image\" alt=\"\" srcset=\"https:\/\/brain-international.com\/cemoonsu\/2024\/09\/morrison-finance-e1725708491975.png 189w, https:\/\/brain-international.com\/cemoonsu\/2024\/09\/morrison-finance-e1725708491975-18x8.png 18w\" sizes=\"(max-width: 189px) 100vw, 189px\" \/>\t    \t\t\t\t<\/div>\r\n\t    \t\t\t\t<\/a>\r\n\t         \t\t        \t\t<\/div>\r\n            <\/div>\r\n\t\t        \t<div class=\"partner-item clearfix\" style=\"padding:40px 0px 40px 0px;background-color:#ffffff;\">\r\n        \t\t<div class=\"inner\">\r\n\t\t            \t\t            \t<a target=\"_blank\" href=\"https:\/\/ninzio.com\/logistix\/services\/\">\r\n\t    \t\t\t\t<div class=\"thumb\">\r\n\t\t    \t\t\t\t<img decoding=\"async\" width=\"153\" height=\"72\" src=\"https:\/\/brain-international.com\/cemoonsu\/2024\/09\/partner-teknik-e1725708587990.png\" class=\"attachment-full size-full wp-post-image\" alt=\"\" srcset=\"https:\/\/brain-international.com\/cemoonsu\/2024\/09\/partner-teknik-e1725708587990.png 153w, https:\/\/brain-international.com\/cemoonsu\/2024\/09\/partner-teknik-e1725708587990-150x72.png 150w, https:\/\/brain-international.com\/cemoonsu\/2024\/09\/partner-teknik-e1725708587990-18x8.png 18w\" sizes=\"(max-width: 153px) 100vw, 153px\" \/>\t    \t\t\t\t<\/div>\r\n\t    \t\t\t\t<\/a>\r\n\t         \t\t        \t\t<\/div>\r\n            <\/div>\r\n\t\t\t<\/div>\r\n\r\n<\/div>\r\n\r\n\r\n\t<div class=\"logistix-spacer clearfix\" data-desktop=\"80\" data-mobi=\"50\" data-smobi=\"50\"><\/div><\/div><\/div><\/div><\/div><\/div><\/section><\/div><div class=\"vc-custom-col-spacing clearfix vc-col-spacing-30\"><section class=\"wpb_row vc_row-fluid row-content-position-Default\"><div class=\"logistix-container\"><div class=\"row-inner clearfix\"><div class=\"wpb_column vc_column_container vc_col-sm-12\"><div class=\"vc_column-inner\"><div class=\"wpb_wrapper\">\r\n\t<div class=\"logistix-spacer clearfix\" data-desktop=\"80\" data-mobi=\"50\" data-smobi=\"50\"><\/div><\/div><\/div><\/div><\/div><\/div><\/section><\/div><div class=\"vc-custom-col-spacing clearfix vc-col-spacing-30\"><section class=\"wpb_row vc_row-fluid row-image-bg vc_custom_1722065563009 vc_row-has-fill row-content-position-Default\"><div class=\"logistix-container\"><div class=\"row-inner clearfix\"><div class=\"wpb_column vc_column_container vc_col-sm-12\"><div class=\"vc_column-inner\"><div class=\"wpb_wrapper\">\r\n\t<div class=\"logistix-spacer clearfix\" data-desktop=\"50\" data-mobi=\"30\" data-smobi=\"30\"><\/div><div class=\"logistix-subscribe clearfix text-light bg-transparent\" style=\"padding:0px 0px 0px 0px;\"><div class=\"text-wrap\"><div class=\"heading-wrap\"><h5 class=\"heading\">Souscrivez \u00e0 Notre Newsletter<\/h5><div class=\"sheading\">Bienvenue \u00e0 l'abonnement \u00e0 la newsletter hebdomadaire<\/div><\/div><\/div><\/div>\n<div class=\"wpcf7 no-js\" id=\"wpcf7-f5200-o1\" lang=\"fr-FR\" dir=\"ltr\">\n<div class=\"screen-reader-response\"><p role=\"status\" aria-live=\"polite\" aria-atomic=\"true\"><\/p> <ul><\/ul><\/div>\n<form action=\"\/fr\/wp-json\/wp\/v2\/pages\/1326#wpcf7-f5200-o1\" method=\"post\" class=\"wpcf7-form init\" aria-label=\"Formulaire de contact\" novalidate=\"novalidate\" data-status=\"init\" data-trp-original-action=\"\/fr\/wp-json\/wp\/v2\/pages\/1326#wpcf7-f5200-o1\">\n<div style=\"display: none;\">\n<input type=\"hidden\" name=\"_wpcf7\" value=\"5200\" \/>\n<input type=\"hidden\" name=\"_wpcf7_version\" value=\"5.9.8\" \/>\n<input type=\"hidden\" name=\"_wpcf7_locale\" value=\"fr_FR\" \/>\n<input type=\"hidden\" name=\"_wpcf7_unit_tag\" value=\"wpcf7-f5200-o1\" \/>\n<input type=\"hidden\" name=\"_wpcf7_container_post\" value=\"0\" \/>\n<input type=\"hidden\" name=\"_wpcf7_posted_data_hash\" value=\"\" \/>\n<\/div>\n<p><label> Votre nom<br \/>\n<span class=\"wpcf7-form-control-wrap\" data-name=\"your-name\"><input size=\"40\" maxlength=\"400\" class=\"wpcf7-form-control wpcf7-text wpcf7-validates-as-required\" autocomplete=\"name\" aria-required=\"true\" aria-invalid=\"false\" value=\"\" type=\"text\" name=\"your-name\" \/><\/span> <\/label>\n<\/p>\n<p><label> Votre e-mail<br \/>\n<span class=\"wpcf7-form-control-wrap\" data-name=\"your-email\"><input size=\"40\" maxlength=\"400\" class=\"wpcf7-form-control wpcf7-email wpcf7-validates-as-required wpcf7-text wpcf7-validates-as-email\" autocomplete=\"email\" aria-required=\"true\" aria-invalid=\"false\" value=\"\" type=\"email\" name=\"your-email\" \/><\/span> <\/label>\n<\/p>\n<p><input class=\"wpcf7-form-control wpcf7-submit has-spinner\" type=\"submit\" value=\"Envoyer\" \/>\n<\/p><div class=\"wpcf7-response-output\" aria-hidden=\"true\"><\/div>\n<input type=\"hidden\" name=\"trp-form-language\" value=\"fr\"\/><\/form>\n<\/div>\n\r\n\t<div class=\"logistix-spacer clearfix\" data-desktop=\"50\" data-mobi=\"30\" data-smobi=\"30\"><\/div><\/div><\/div><\/div><\/div><\/div><\/section><\/div>\n<\/div>","protected":false},"excerpt":{"rendered":"","protected":false},"author":2,"featured_media":0,"parent":0,"menu_order":0,"comment_status":"closed","ping_status":"closed","template":"","meta":{"_monsterinsights_skip_tracking":false,"_monsterinsights_sitenote_active":false,"_monsterinsights_sitenote_note":"","_monsterinsights_sitenote_category":0,"footnotes":""},"aioseo_notices":[],"_links":{"self":[{"href":"https:\/\/brain-international.com\/fr\/wp-json\/wp\/v2\/pages\/1326"}],"collection":[{"href":"https:\/\/brain-international.com\/fr\/wp-json\/wp\/v2\/pages"}],"about":[{"href":"https:\/\/brain-international.com\/fr\/wp-json\/wp\/v2\/types\/page"}],"author":[{"embeddable":true,"href":"https:\/\/brain-international.com\/fr\/wp-json\/wp\/v2\/users\/2"}],"replies":[{"embeddable":true,"href":"https:\/\/brain-international.com\/fr\/wp-json\/wp\/v2\/comments?post=1326"}],"version-history":[{"count":35,"href":"https:\/\/brain-international.com\/fr\/wp-json\/wp\/v2\/pages\/1326\/revisions"}],"predecessor-version":[{"id":5343,"href":"https:\/\/brain-international.com\/fr\/wp-json\/wp\/v2\/pages\/1326\/revisions\/5343"}],"wp:attachment":[{"href":"https:\/\/brain-international.com\/fr\/wp-json\/wp\/v2\/media?parent=1326"}],"curies":[{"name":"wp","href":"https:\/\/api.w.org\/{rel}","templated":true}]}}