{"id":1316,"date":"2024-07-29T04:10:26","date_gmt":"2024-07-29T03:10:26","guid":{"rendered":"http:\/\/ninzio.com\/logistix\/?page_id=1316"},"modified":"2024-08-20T17:57:57","modified_gmt":"2024-08-20T16:57:57","slug":"about-us","status":"publish","type":"page","link":"https:\/\/brain-international.com\/fr\/about-us\/","title":{"rendered":"\u00c0 propos"},"content":{"rendered":"<div class=\"wpb-content-wrapper\"><div class=\"vc-custom-col-spacing clearfix vc-col-spacing-0px\"><section class=\"wpb_row vc_row-fluid equalize sm-equalize-auto vc_custom_1527512510673 vc_row-has-fill no-padding row-content-position-Default\"><div class=\"row-inner clearfix\"><div class=\"wpb_column vc_column_container vc_col-sm-6 vc_col-has-fill\"><div class=\"vc_column-inner vc_custom_1721992837840\"><div class=\"wpb_wrapper\">\r\n\t<div class=\"logistix-spacer clearfix\" data-desktop=\"0\" data-mobi=\"0\" data-smobi=\"0\"><\/div><\/div><\/div><\/div><div class=\"wpb_column vc_column_container vc_col-sm-6\"><div class=\"vc_column-inner vc_custom_1722076671482\"><div class=\"wpb_wrapper\">\r\n\t<div class=\"logistix-spacer clearfix\" data-desktop=\"50\" data-mobi=\"30\" data-smobi=\"30\"><\/div><div class=\"logistix-single-heading clearfix  style-1\" style=\"\">\r\n\t\t<h2 class=\"heading\" style=\"margin-bottom: 0;\">\u00c0 propos<\/h2>\r\n\t<\/div>\r\n\t<div class=\"logistix-spacer clearfix\" data-desktop=\"20\" data-mobi=\"10\" data-smobi=\"10\"><\/div>\n\t<div class=\"wpb_text_column wpb_content_element\" >\n\t\t<div class=\"wpb_wrapper\">\n\t\t\t<p>Brain International SAS accompagne les entreprises \u00e0 d\u00e9velopper leurs activit\u00e9s en Afrique.<\/p>\n<p>Que vous envisagiez de p\u00e9n\u00e9trer un nouveau march\u00e9 ou que vous ayez une pr\u00e9sence \u00e9tablie que vous souhaitez \u00e9tendre ou repositionner, Brain International SAS vous aidera \u00e0 r\u00e9ussir.<\/p>\n<p>Des petits projets aux engagements \u00e0 plus long terme, nous mettons nos connaissances et notre exp\u00e9rience \u00e0 votre service, vous faisant \u00e9conomiser du temps et de l'argent et minimisant les risques.<\/p>\n<p>Notre approche ax\u00e9e sur les r\u00e9sultats signifie que nous ne vous conseillons pas simplement sur ce qu\u2019il faut faire pour r\u00e9ussir, mais que nous travaillons comme une extension de votre \u00e9quipe existante pour y parvenir.<\/p>\n<p>Chez Brain International SAS, nous comprenons la complexit\u00e9 des activit\u00e9s commerciales sur les march\u00e9s \u00e9mergents et la pression accrue de la concurrence mondiale. Nous aidons nos clients \u00e0 g\u00e9rer cette complexit\u00e9 et \u00e0 garder une longueur d'avance sur la concurrence.<\/p>\n<p>Nos principaux consultants ont chacun de nombreuses ann\u00e9es d\u2019exp\u00e9rience sur les march\u00e9s africains en g\u00e9n\u00e9ral, et au Cameroun en particulier.<\/p>\n<p>Les clients de Brain International SAS b\u00e9n\u00e9ficient \u00e9galement de notre r\u00e9seau de sp\u00e9cialistes locaux, construit au fil des ann\u00e9es et bas\u00e9s dans la r\u00e9gion, ainsi que de nombreuses ressources locales et \u00e9trang\u00e8res dont nous disposons comme leviers depuis notre base de Douala.<\/p>\n<p>En \u00e9troite collaboration avec vous, nos consultants \u00e9laborent des strat\u00e9gies marketing novatrices et des solutions de d\u00e9veloppement des affaires qui exploitent les atouts uniques qui ont permis \u00e0 votre organisation d\u2019atteindre son succ\u00e8s jusqu\u2019\u00e0 pr\u00e9sent, tout en identifiant les d\u00e9fis et les lacunes qui doivent \u00eatre combl\u00e9s pour r\u00e9ussir.<\/p>\n<p>Et ce n\u2019est pas tout. Les \u00e9quipes de Brain International SAS sont bien plus que des strat\u00e8ges et des conseillers. \u00c0 ce titre, nous travaillons comme une extension de votre \u00e9quipe afin de mettre en \u0153uvre la strat\u00e9gie et d\u2019obtenir des r\u00e9sultats.<\/p>\n\n\t\t<\/div>\n\t<\/div>\n\r\n\t<div class=\"logistix-spacer clearfix\" data-desktop=\"50\" data-mobi=\"30\" data-smobi=\"30\"><\/div><\/div><\/div><\/div><\/div><\/section><\/div><div class=\"vc-custom-col-spacing clearfix vc-col-spacing-60\"><section class=\"wpb_row vc_row-fluid row-content-position-Default\"><div class=\"logistix-container\"><div class=\"row-inner clearfix\"><div class=\"wpb_column vc_column_container vc_col-sm-12\"><div class=\"vc_column-inner\"><div class=\"wpb_wrapper\">\r\n\t<div class=\"logistix-spacer clearfix\" data-desktop=\"100\" data-mobi=\"50\" data-smobi=\"50\"><\/div><div class=\"vc-custom-col-inner-spacing clearfix vc-col-inner-spacing-60\"><div class=\"wpb_row vc_inner vc_row-fluid\"><div class=\"wpb_column vc_column_container vc_col-sm-6\"><div class=\"vc_column-inner\"><div class=\"wpb_wrapper\"><div class=\"logistix-single-heading clearfix  style-1\" style=\"margin-bottom:11px;\">\r\n\t\t<h2 class=\"heading\" style=\"margin-bottom: 0;font-weight:500;font-size:42px;line-height:52px;\">Pourquoi Nous ?<\/h2>\r\n\t<\/div>\r\n\t<div class=\"logistix-spacer clearfix\" data-desktop=\"20\" data-mobi=\"10\" data-smobi=\"10\"><\/div>\n\t<div class=\"wpb_text_column wpb_content_element\" >\n\t\t<div class=\"wpb_wrapper\">\n\t\t\t<p style=\"font-size: 16px; line-height: 28px;\">BRAIN INTERNATIONAL SAS est une soci\u00e9t\u00e9 sp\u00e9cialis\u00e9e, entre autres, dans l'offre de solutions logistiques diversifi\u00e9es et d'autres services adapt\u00e9s aux besoins de chacun de nos partenaires.<\/p>\n\n\t\t<\/div>\n\t<\/div>\n\r\n\t<div class=\"logistix-spacer clearfix\" data-desktop=\"0\" data-mobi=\"40\" data-smobi=\"40\"><\/div><\/div><\/div><\/div><div class=\"wpb_column vc_column_container vc_col-sm-6\"><div class=\"vc_column-inner\"><div class=\"wpb_wrapper\">\n\t<div class=\"wpb_text_column wpb_content_element\" >\n\t\t<div class=\"wpb_wrapper\">\n\t\t\t<p>PROFESSIONALISME<\/p>\n\n\t\t<\/div>\n\t<\/div>\n\r\n\t<div class=\"logistix-progress clearfix pstyle-3\" style=\"\"><h3 class=\"title\" style=\"font-weight:500;color:#777777;font-size:16px;\">PROFESSIONALISM<\/h3> <div class=\"perc-wrap\" style=\"font-weight:500;color:#777777;font-size:16px;\"><div class=\"perc\" style=\"\"><span>90%<\/span><\/div><\/div>\r\n\t\t<div class=\"progress-wrap\" style=\"background-color:#e5e5e5;\">\r\n\t\t\t<div class=\"progress-animate\" data-valuemax=\"100\" data-valuemin=\"0\" data-valuenow=\"90\" style=\"background-color:#1e73be;height:10px;\">\r\n\t\t\t<\/div>\r\n\t\t<\/div>\r\n\t<\/div>\r\n\t<div class=\"logistix-spacer clearfix\" data-desktop=\"40\" data-mobi=\"30\" data-smobi=\"30\"><\/div>\n\t<div class=\"wpb_text_column wpb_content_element\" >\n\t\t<div class=\"wpb_wrapper\">\n\t\t\t<p>TIMING<\/p>\n\n\t\t<\/div>\n\t<\/div>\n\r\n\t<div class=\"logistix-progress clearfix pstyle-3\" style=\"\"><h3 class=\"title\" style=\"font-weight:500;color:#777777;font-size:16px;\">TIMING<\/h3> <div class=\"perc-wrap\" style=\"font-weight:500;color:#777777;font-size:16px;\"><div class=\"perc\" style=\"\"><span>70%<\/span><\/div><\/div>\r\n\t\t<div class=\"progress-wrap\" style=\"background-color:#e5e5e5;\">\r\n\t\t\t<div class=\"progress-animate\" data-valuemax=\"100\" data-valuemin=\"0\" data-valuenow=\"70\" style=\"background-color:#1e73be;height:10px;\">\r\n\t\t\t<\/div>\r\n\t\t<\/div>\r\n\t<\/div>\r\n\t<div class=\"logistix-spacer clearfix\" data-desktop=\"40\" data-mobi=\"30\" data-smobi=\"30\"><\/div>\n\t<div class=\"wpb_text_column wpb_content_element\" >\n\t\t<div class=\"wpb_wrapper\">\n\t\t\t<p>ASSISTANCE<\/p>\n\n\t\t<\/div>\n\t<\/div>\n\r\n\t<div class=\"logistix-progress clearfix pstyle-3\" style=\"\"><h3 class=\"title\" style=\"font-weight:500;color:#777777;font-size:16px;\">ASSISTANCE<\/h3> <div class=\"perc-wrap\" style=\"font-weight:500;color:#777777;font-size:16px;\"><div class=\"perc\" style=\"\"><span>85%<\/span><\/div><\/div>\r\n\t\t<div class=\"progress-wrap\" style=\"background-color:#e5e5e5;\">\r\n\t\t\t<div class=\"progress-animate\" data-valuemax=\"100\" data-valuemin=\"0\" data-valuenow=\"85\" style=\"background-color:#1e73be;height:10px;\">\r\n\t\t\t<\/div>\r\n\t\t<\/div>\r\n\t<\/div><\/div><\/div><\/div><\/div><\/div>\r\n\t<div class=\"logistix-spacer clearfix\" data-desktop=\"100\" data-mobi=\"50\" data-smobi=\"50\"><\/div><\/div><\/div><\/div><\/div><\/div><\/section><\/div><div class=\"vc-custom-col-spacing clearfix vc-col-spacing-60\"><section class=\"wpb_row vc_row-fluid row-content-position-Default\"><div class=\"logistix-container\"><div class=\"row-inner clearfix\"><div class=\"wpb_column vc_column_container vc_col-sm-12\"><div class=\"vc_column-inner\"><div class=\"wpb_wrapper\">\r\n\t<div class=\"logistix-spacer clearfix\" data-desktop=\"100\" data-mobi=\"50\" data-smobi=\"50\"><\/div><div class=\"vc-custom-col-inner-spacing clearfix vc-col-inner-spacing-60\"><div class=\"wpb_row vc_inner vc_row-fluid\"><div class=\"wpb_column vc_column_container vc_col-sm-6\"><div class=\"vc_column-inner\"><div class=\"wpb_wrapper\"><div class=\"logistix-icon-box clearfix icon-left w80 accent-bg align-left rounded-100 has-width\"><div class=\"icon-wrap\" style=\"font-size:28px;\">\r\n\t\t\t\t<i class=\"fas fa-shipping-fast\"><\/i>\r\n\t\t\t<\/div> <h3 class=\"heading style-1\" style=\"padding-left:100px;font-weight:500;font-size:22px;line-height:32px;margin-bottom:5px;\">\r\n\t\t<a target=\"_blank\" href=\"\">\r\n\t\t\t<span style=\"\">Fourniture du Mat\u00e9riel<\/span>\r\n\t\t<\/a>\r\n\t<\/h3><p class=\"desc\" style=\"padding-left:100px;font-weight:400;font-size:15px;line-height:26px;\">\r\n\t\t<span>We provide you with all of your equipment for your industrial work.<\/span>\r\n\t<\/p><\/div>\r\n\t<div class=\"logistix-spacer clearfix\" data-desktop=\"50\" data-mobi=\"40\" data-smobi=\"40\"><\/div><div class=\"logistix-icon-box clearfix icon-left w80 accent-bg align-left rounded-100 has-width\"><div class=\"icon-wrap\" style=\"font-size:28px;\">\r\n\t\t\t\t<i class=\"fas fa-handshake\"><\/i>\r\n\t\t\t<\/div> <h3 class=\"heading style-1\" style=\"padding-left:100px;font-weight:500;font-size:22px;line-height:32px;margin-bottom:5px;\">\r\n\t\t<a target=\"_blank\" href=\"\">\r\n\t\t\t<span style=\"\">N\u00e9goce<\/span>\r\n\t\t<\/a>\r\n\t<\/h3><p class=\"desc\" style=\"padding-left:100px;font-weight:400;font-size:15px;line-height:26px;\">\r\n\t\t<span>Notre \u00e9quipe de professionnels prend en charge l'ensemble de votre activit\u00e9 commerciale.<\/span>\r\n\t<\/p><\/div>\r\n\t<div class=\"logistix-spacer clearfix\" data-desktop=\"50\" data-mobi=\"40\" data-smobi=\"40\"><\/div><div class=\"logistix-icon-box clearfix icon-left w80 accent-bg align-left rounded-100 has-width\"><div class=\"icon-wrap\" style=\"font-size:28px;\">\r\n\t\t\t\t<i class=\"logistixs-bank-support\"><\/i>\r\n\t\t\t<\/div> <h3 class=\"heading style-1\" style=\"padding-left:100px;font-weight:500;font-size:22px;line-height:32px;margin-bottom:5px;\">\r\n\t\t<a target=\"_blank\" href=\"\">\r\n\t\t\t<span style=\"\">Conseils<\/span>\r\n\t\t<\/a>\r\n\t<\/h3><p class=\"desc\" style=\"padding-left:100px;font-weight:400;font-size:15px;line-height:26px;\">\r\n\t\t<span>Nous sommes toujours l\u00e0 pour vous fournir la meilleure assistance.<\/span>\r\n\t<\/p><\/div>\r\n\t<div class=\"logistix-spacer clearfix\" data-desktop=\"0\" data-mobi=\"40\" data-smobi=\"40\"><\/div><\/div><\/div><\/div><div class=\"wpb_column vc_column_container vc_col-sm-6\"><div class=\"vc_column-inner\"><div class=\"wpb_wrapper\"><div class=\"logistix-img-advanced clearfix text-center\" style=\"font-weight:500;font-size:15px;letter-spacing:1px;\"><div class=\"thumb\" style=\"\"><img fetchpriority=\"high\" decoding=\"async\" width=\"565\" height=\"393\" src=\"https:\/\/brain-international.com\/cemoonsu\/2018\/05\/img2-1.jpg\" class=\"attachment-full size-full\" alt=\"\" srcset=\"https:\/\/brain-international.com\/cemoonsu\/2018\/05\/img2-1.jpg 565w, https:\/\/brain-international.com\/cemoonsu\/2018\/05\/img2-1-300x209.jpg 300w, https:\/\/brain-international.com\/cemoonsu\/2018\/05\/img2-1-480x334.jpg 480w\" sizes=\"(max-width: 565px) 100vw, 565px\" \/> <\/div> <\/div><\/div><\/div><\/div><\/div><\/div>\r\n\t<div class=\"logistix-spacer clearfix\" data-desktop=\"100\" data-mobi=\"50\" data-smobi=\"50\"><\/div><\/div><\/div><\/div><\/div><\/div><\/section><\/div><div class=\"vc-custom-col-spacing clearfix vc-col-spacing-30\"><section class=\"wpb_row vc_row-fluid row-image-bg vc_custom_1722065563009 vc_row-has-fill row-content-position-Default\"><div class=\"logistix-container\"><div class=\"row-inner clearfix\"><div class=\"wpb_column vc_column_container vc_col-sm-12\"><div class=\"vc_column-inner\"><div class=\"wpb_wrapper\">\r\n\t<div class=\"logistix-spacer clearfix\" data-desktop=\"50\" data-mobi=\"30\" data-smobi=\"30\"><\/div><div class=\"logistix-subscribe clearfix text-light bg-transparent\" style=\"padding:0px 0px 0px 0px;\"><div class=\"text-wrap\"><div class=\"heading-wrap\"><h5 class=\"heading\">Souscrivez \u00e0 Notre Newsletter<\/h5><div class=\"sheading\">Bienvenue \u00e0 l'abonnement \u00e0 la newsletter hebdomadaire<\/div><\/div><\/div><\/div>\n<div class=\"wpcf7 no-js\" id=\"wpcf7-f5200-o1\" lang=\"fr-FR\" dir=\"ltr\">\n<div class=\"screen-reader-response\"><p role=\"status\" aria-live=\"polite\" aria-atomic=\"true\"><\/p> <ul><\/ul><\/div>\n<form action=\"\/fr\/wp-json\/wp\/v2\/pages\/1316#wpcf7-f5200-o1\" method=\"post\" class=\"wpcf7-form init\" aria-label=\"Formulaire de contact\" novalidate=\"novalidate\" data-status=\"init\" data-trp-original-action=\"\/fr\/wp-json\/wp\/v2\/pages\/1316#wpcf7-f5200-o1\">\n<div style=\"display: none;\">\n<input type=\"hidden\" name=\"_wpcf7\" value=\"5200\" \/>\n<input type=\"hidden\" name=\"_wpcf7_version\" value=\"5.9.8\" \/>\n<input type=\"hidden\" name=\"_wpcf7_locale\" value=\"fr_FR\" \/>\n<input type=\"hidden\" name=\"_wpcf7_unit_tag\" value=\"wpcf7-f5200-o1\" \/>\n<input type=\"hidden\" name=\"_wpcf7_container_post\" value=\"0\" \/>\n<input type=\"hidden\" name=\"_wpcf7_posted_data_hash\" value=\"\" \/>\n<\/div>\n<p><label> Votre nom<br \/>\n<span class=\"wpcf7-form-control-wrap\" data-name=\"your-name\"><input size=\"40\" maxlength=\"400\" class=\"wpcf7-form-control wpcf7-text wpcf7-validates-as-required\" autocomplete=\"name\" aria-required=\"true\" aria-invalid=\"false\" value=\"\" type=\"text\" name=\"your-name\" \/><\/span> <\/label>\n<\/p>\n<p><label> Votre e-mail<br \/>\n<span class=\"wpcf7-form-control-wrap\" data-name=\"your-email\"><input size=\"40\" maxlength=\"400\" class=\"wpcf7-form-control wpcf7-email wpcf7-validates-as-required wpcf7-text wpcf7-validates-as-email\" autocomplete=\"email\" aria-required=\"true\" aria-invalid=\"false\" value=\"\" type=\"email\" name=\"your-email\" \/><\/span> <\/label>\n<\/p>\n<p><input class=\"wpcf7-form-control wpcf7-submit has-spinner\" type=\"submit\" value=\"Envoyer\" \/>\n<\/p><div class=\"wpcf7-response-output\" aria-hidden=\"true\"><\/div>\n<input type=\"hidden\" name=\"trp-form-language\" value=\"fr\"\/><\/form>\n<\/div>\n\r\n\t<div class=\"logistix-spacer clearfix\" data-desktop=\"50\" data-mobi=\"30\" data-smobi=\"30\"><\/div><\/div><\/div><\/div><\/div><\/div><\/section><\/div>\n<\/div>","protected":false},"excerpt":{"rendered":"About Us Brain International SAS assists companies to grow their business in Africa. Whether you are planning to enter a new market, or you have an established presence that you wish to expand or reposition, Brain International SAS will help you succeed. From small projects to longer term engagements,&hellip;","protected":false},"author":2,"featured_media":0,"parent":0,"menu_order":0,"comment_status":"closed","ping_status":"closed","template":"","meta":{"_monsterinsights_skip_tracking":false,"_monsterinsights_sitenote_active":false,"_monsterinsights_sitenote_note":"","_monsterinsights_sitenote_category":0,"footnotes":""},"aioseo_notices":[],"_links":{"self":[{"href":"https:\/\/brain-international.com\/fr\/wp-json\/wp\/v2\/pages\/1316"}],"collection":[{"href":"https:\/\/brain-international.com\/fr\/wp-json\/wp\/v2\/pages"}],"about":[{"href":"https:\/\/brain-international.com\/fr\/wp-json\/wp\/v2\/types\/page"}],"author":[{"embeddable":true,"href":"https:\/\/brain-international.com\/fr\/wp-json\/wp\/v2\/users\/2"}],"replies":[{"embeddable":true,"href":"https:\/\/brain-international.com\/fr\/wp-json\/wp\/v2\/comments?post=1316"}],"version-history":[{"count":14,"href":"https:\/\/brain-international.com\/fr\/wp-json\/wp\/v2\/pages\/1316\/revisions"}],"predecessor-version":[{"id":5212,"href":"https:\/\/brain-international.com\/fr\/wp-json\/wp\/v2\/pages\/1316\/revisions\/5212"}],"wp:attachment":[{"href":"https:\/\/brain-international.com\/fr\/wp-json\/wp\/v2\/media?parent=1316"}],"curies":[{"name":"wp","href":"https:\/\/api.w.org\/{rel}","templated":true}]}}